{"id":11858,"date":"2019-12-31T14:11:45","date_gmt":"2019-12-31T12:11:45","guid":{"rendered":"https:\/\/b-living.fi\/toimitusehdot\/"},"modified":"2022-05-27T21:18:29","modified_gmt":"2022-05-27T18:18:29","slug":"terms-of-delivery","status":"publish","type":"page","link":"https:\/\/b-living.fi\/en\/terms-of-delivery","title":{"rendered":"Terms of delivery"},"content":{"rendered":"\t\t<div data-elementor-type=\"wp-page\" data-elementor-id=\"11858\" class=\"elementor elementor-11858 elementor-1213\">\n\t\t\t\t\t\t<section class=\"elementor-section elementor-top-section elementor-element elementor-element-da6867a elementor-section-boxed elementor-section-height-default elementor-section-height-default\" data-id=\"da6867a\" data-element_type=\"section\" data-e-type=\"section\">\n\t\t\t\t\t\t<div class=\"elementor-container elementor-column-gap-default\">\n\t\t\t\t\t<div class=\"elementor-column elementor-col-33 elementor-top-column elementor-element elementor-element-200d9cd\" data-id=\"200d9cd\" data-element_type=\"column\" data-e-type=\"column\">\n\t\t\t<div class=\"elementor-widget-wrap\">\n\t\t\t\t\t\t\t<\/div>\n\t\t<\/div>\n\t\t\t\t<div class=\"elementor-column elementor-col-33 elementor-top-column elementor-element elementor-element-bb688c8\" data-id=\"bb688c8\" data-element_type=\"column\" data-e-type=\"column\">\n\t\t\t<div class=\"elementor-widget-wrap elementor-element-populated\">\n\t\t\t\t\t\t<div class=\"elementor-element elementor-element-033e9a1 elementor-widget elementor-widget-heading\" data-id=\"033e9a1\" data-element_type=\"widget\" data-e-type=\"widget\" data-widget_type=\"heading.default\">\n\t\t\t\t<div class=\"elementor-widget-container\">\n\t\t\t\t\t<h2 class=\"elementor-heading-title elementor-size-default\">Terms  of delivery<\/h2>\t\t\t\t<\/div>\n\t\t\t\t<\/div>\n\t\t\t\t<div class=\"elementor-element elementor-element-11d95a9 elementor-widget elementor-widget-text-editor\" data-id=\"11d95a9\" data-element_type=\"widget\" data-e-type=\"widget\" data-widget_type=\"text-editor.default\">\n\t\t\t\t<div class=\"elementor-widget-container\">\n\t\t\t\t\t\t\t\t\t<p><span style=\"font-size: 15px; font-style: normal; font-weight: 400;\">You will order products in the online store by transferring them to the shopping cart and paying for the contents of the cart through the online payment service. We also serve our customers by email at info@b-living.fi. We ask corporate customers to place their orders by email at info@b-living.fi. For enquiries, you can also call us on +358 (0)50 590 4891 (weekdays from 9.00 to 17.00 EET).<\/span><\/p><p><span style=\"font-size: 15px; font-style: normal; font-weight: 400;\">Outside of Finland we deliver products to the following countries:<br \/><\/span><span style=\"font-size: 15px; font-style: normal; font-weight: 400;\">Austria (Zone B)<br \/>Belgium\u00a0<\/span><span style=\"font-size: 15px; font-style: normal; font-weight: 400;\">(Zone B)<\/span><span style=\"font-size: 15px; font-style: normal; font-weight: 400;\"><br \/><\/span><span style=\"font-size: 15px; font-style: normal; font-weight: 400;\">Czech Republic\u00a0<\/span><span style=\"font-size: 15px; font-style: normal; font-weight: 400;\">(Zone B)<\/span><span style=\"font-size: 15px; font-style: normal; font-weight: 400;\"><br \/>Denmark\u00a0<\/span><span style=\"font-size: 15px; font-style: normal; font-weight: 400;\">(Zone A)<\/span><span style=\"font-size: 15px; font-style: normal; font-weight: 400;\"><br \/><\/span><span style=\"font-size: 15px; font-style: normal; font-weight: 400;\">Germany\u00a0<\/span><span style=\"font-size: 15px; font-style: normal; font-weight: 400;\">(Zone A)<\/span><span style=\"font-size: 15px; font-style: normal; font-weight: 400;\"><br \/>Luxembourg\u00a0<\/span><span style=\"font-size: 15px; font-style: normal; font-weight: 400;\">(Zone B)<\/span><span style=\"font-size: 15px; font-style: normal; font-weight: 400;\"><br \/>Netherlands\u00a0<\/span><span style=\"font-size: 15px; font-style: normal; font-weight: 400;\">(Zone B)<\/span><span style=\"font-size: 15px; font-style: normal; font-weight: 400;\"><br \/>Poland\u00a0<\/span><span style=\"font-size: 15px; font-style: normal; font-weight: 400;\">(Zone B)<\/span><span style=\"font-size: 15px; font-style: normal; font-weight: 400;\"><br \/>Portugal\u00a0<\/span><span style=\"font-size: 15px; font-style: normal; font-weight: 400;\">(Zone B)<\/span><span style=\"font-size: 15px; font-style: normal; font-weight: 400;\"><br \/><\/span><span style=\"font-size: 15px; font-style: normal; font-weight: 400;\">Sweden\u00a0<\/span><span style=\"font-size: 15px; font-style: normal; font-weight: 400;\">(Zone A)<\/span><span style=\"font-size: 15px; font-style: normal; font-weight: 400;\"><br \/>Spain\u00a0<\/span><span style=\"font-size: 15px; font-style: normal; font-weight: 400;\">(Zone B)<\/span><span style=\"font-size: 15px; font-style: normal; font-weight: 400;\"><br \/><\/span><\/p><p><span style=\"font-size: 15px; font-style: normal; font-weight: 400;\">If willing to order our products elsewhere in Europe, please send us e-mail: info@b-living.fi<\/span><\/p>\t\t\t\t\t\t\t\t<\/div>\n\t\t\t\t<\/div>\n\t\t\t\t<div class=\"elementor-element elementor-element-b70a521 elementor-widget elementor-widget-heading\" data-id=\"b70a521\" data-element_type=\"widget\" data-e-type=\"widget\" data-widget_type=\"heading.default\">\n\t\t\t\t<div class=\"elementor-widget-container\">\n\t\t\t\t\t<h2 class=\"elementor-heading-title elementor-size-default\">Delivery methods and pricing<\/h2>\t\t\t\t<\/div>\n\t\t\t\t<\/div>\n\t\t\t\t<div class=\"elementor-element elementor-element-b5c8847 elementor-widget elementor-widget-text-editor\" data-id=\"b5c8847\" data-element_type=\"widget\" data-e-type=\"widget\" data-widget_type=\"text-editor.default\">\n\t\t\t\t<div class=\"elementor-widget-container\">\n\t\t\t\t\t\t\t\t\t<p>Our parcel are big in size and they are always delivered to your doorstep. If the delivery attempt fails, you will be left a notice of arrival, and the item can be picked up from the closest service point.<\/p><p><span style=\"font-size: 15px;\">ZONE A:<\/span><\/p><p><span style=\"font-size: 15px;\">Rattan pendant lights\/home delivery:<br \/>Size S 16,00 \u20ac<br \/>Size M 21,00 \u20ac<br \/>Size L 29,00 \u20ac<\/span><\/p><p><span style=\"font-size: 15px;\">Wooden stools\/home delivery:<br \/>22,00 \u20ac<\/span><\/p><p><span style=\"font-size: 15px;\">ZONE B:<\/span><\/p><p style=\"font-size: 16px; font-style: normal; font-weight: 400;\"><span style=\"font-size: 15px;\">Rattan pendant lights\/home delivery:<br \/>Size S 22,00 \u20ac<br \/>Size M 26,00 \u20ac<br \/>Size L 34,00 \u20ac<\/span><\/p><p style=\"font-size: 16px; font-style: normal; font-weight: 400;\"><span style=\"font-size: 15px;\">Wooden stools\/home delivery:<br \/>27,00 \u20ac<\/span><\/p><p><span style=\"font-size: 15px; font-style: normal; font-weight: 400;\">*PICK UP FROM OUR WAREHOUSE IN RAISIO, FINLAND: <br \/>0,00 \u20ac<br \/><\/span><span style=\"font-size: 16px;\"><br \/>The maximum delivery cost for an order including multiple items is 50 euros.<\/span><span style=\"font-size: 15px; font-style: normal; font-weight: 400;\"><br \/><\/span><\/p><p><span style=\"font-size: 16px; font-style: normal; font-weight: 400;\">The delivery price list has been updated on 24 April 2022.\u00a0<\/span><\/p><p><span style=\"font-size: 15px; font-style: normal; font-weight: 400;\">DELIVERY TIME<br \/>The delivery time for the products is generally about 7 to 10 working days depending on the destination country.<\/span><\/p>\t\t\t\t\t\t\t\t<\/div>\n\t\t\t\t<\/div>\n\t\t\t\t<div class=\"elementor-element elementor-element-8983f29 elementor-widget elementor-widget-heading\" data-id=\"8983f29\" data-element_type=\"widget\" data-e-type=\"widget\" data-widget_type=\"heading.default\">\n\t\t\t\t<div class=\"elementor-widget-container\">\n\t\t\t\t\t<h2 class=\"elementor-heading-title elementor-size-default\">Returns<\/h2>\t\t\t\t<\/div>\n\t\t\t\t<\/div>\n\t\t\t\t<div class=\"elementor-element elementor-element-960addc elementor-widget elementor-widget-text-editor\" data-id=\"960addc\" data-element_type=\"widget\" data-e-type=\"widget\" data-widget_type=\"text-editor.default\">\n\t\t\t\t<div class=\"elementor-widget-container\">\n\t\t\t\t\t\t\t\t\t<p>As we hope that you will be happy with your product, we can help you make the right choice before ordering, for example choosing between pendant sizes. Please do not hesitate to contact us if you need support in making your decision.<\/p><p>If you are still willing to return your order, you can replace it or return your order within 30 days of your purchase.\u00a0<\/p><p><span style=\"font-size: 16px; font-style: normal; font-weight: 400;\">Faulty, damaged or incorrect products:<br \/><br \/><\/span><span style=\"font-size: 16px; font-style: normal; font-weight: 400;\">If your product has a fault, is damaged or if we have accidently served you a wrong product, we will pay for the shipping \/ freight costs to have the product returned to us.<\/span><\/p><p style=\"font-size: 16px; font-style: normal; font-weight: 400;\">Change of mind\/size:<br \/><br \/><span style=\"font-size: 16px; font-style: normal; font-weight: 400;\">If your online purchase happens to be the wrong size or you have simply changed your mind, we\u2019ll refund and\/or exchange these goods, provided they are returned within 30 days. Unfortunately, we can\u2019t cover return postage charges in this case. The return cost at your expense will be the same as the shipping cost mentioned above. In case you need a replacement, b-living.fi will re-ship a replacing good to you at no additional charge.<\/span><\/p><p style=\"font-size: 16px; font-style: normal; font-weight: 400;\"><span style=\"font-size: 16px;\">You can serve us a return by following the simple steps set out below:<br \/><\/span><span style=\"font-size: 16px; font-style: normal; font-weight: 400;\"><br \/>1. Let us know you\u2019d like to return your product. Simply contact our customer service by emailing info@b-living.fi. You will receive a return label in response message.<\/span><\/p><p style=\"font-size: 16px; font-style: normal; font-weight: 400;\">2. Print out the label, tape in on your parcel and take the parcel to the nearest service point for postage. Make sure\u00a0your products are carefully wrapped. Also make sure you get a receipt for your return.<\/p><p style=\"font-size: 16px; font-style: normal; font-weight: 400;\">Once you have shipped back your products please allow up to 30 days (this may vary depending on your location and your request) for us to confirm that we have received your return and are processing your refund or exchange.<\/p><p style=\"font-size: 16px; font-style: normal; font-weight: 400;\">All refunds from B. Living online shop will be forehanded right back to you, i.e. returned via the same payment method you used when you placed your order.<\/p><p style=\"font-size: 16px; font-style: normal; font-weight: 400;\">Return address:<br \/>B. Living<br \/>Vesilaitoksentie 6, Door 19<br \/>21200 Raisio<br \/>Finland<br \/>Tel. +358 (0)505904891<\/p>\t\t\t\t\t\t\t\t<\/div>\n\t\t\t\t<\/div>\n\t\t\t\t<div class=\"elementor-element elementor-element-4ab37ed elementor-widget elementor-widget-heading\" data-id=\"4ab37ed\" data-element_type=\"widget\" data-e-type=\"widget\" data-widget_type=\"heading.default\">\n\t\t\t\t<div class=\"elementor-widget-container\">\n\t\t\t\t\t<h2 class=\"elementor-heading-title elementor-size-default\">Payment methods<\/h2>\t\t\t\t<\/div>\n\t\t\t\t<\/div>\n\t\t\t\t<div class=\"elementor-element elementor-element-64c3356 elementor-widget elementor-widget-text-editor\" data-id=\"64c3356\" data-element_type=\"widget\" data-e-type=\"widget\" data-widget_type=\"text-editor.default\">\n\t\t\t\t<div class=\"elementor-widget-container\">\n\t\t\t\t\t\t\t\t\t<p>The online store acts as a marketer of products and services and as a supplier of products to the customer. The online store takes care of the statutory and other obligations related to the transaction. If you want to make a complaint or return a product, you should contact the online store where you ordered the product directly.<\/p><p>PAYMENTS USING ONLINE BANKING<br \/>We have made available the payment buttons for all Finnish banks: Aktia, Danske Bank, Handelsbanken, Nordea, Oma S\u00e4\u00e4st\u00f6pankki, Osuuspankki, POP-pankki, S\u00e4\u00e4st\u00f6pankki, S-pankki and \u00c5landsbanken. The payee shown on your account statement is Checkout Finland Oy, but we forward your payment to the online merchant. You will be directed from the online store to your own bank to make the payment securely.<\/p><p>CREDIT CARD PAYMENTS<br \/>The online store accepts Visa, Visa Debit, Visa Electron, MasterCard and Debit MasterCard. The online store uses the international Verified by Visa and MasterCard SecureCode authentication services. The payee on your credit card statement is Checkout, which forwards the customer credit card payment to the merchant. Card payments are made securely using a secure payment form and payment card information is not stored in the online store systems.<\/p><p>MOBILE PAYMENTS<br \/>Mobile payment methods Pivo, MobilePay and Masterpass are in-app services that allow you to pay for online purchases by bank transfer from your account or by card payment from your card when you accept a payment in the app.<\/p>\t\t\t\t\t\t\t\t<\/div>\n\t\t\t\t<\/div>\n\t\t\t\t<div class=\"elementor-element elementor-element-676c51a elementor-widget-divider--view-line elementor-widget elementor-widget-divider\" data-id=\"676c51a\" data-element_type=\"widget\" data-e-type=\"widget\" data-widget_type=\"divider.default\">\n\t\t\t\t<div class=\"elementor-widget-container\">\n\t\t\t\t\t\t\t<div class=\"elementor-divider\">\n\t\t\t<span class=\"elementor-divider-separator\">\n\t\t\t\t\t\t<\/span>\n\t\t<\/div>\n\t\t\t\t\t\t<\/div>\n\t\t\t\t<\/div>\n\t\t\t\t<div class=\"elementor-element elementor-element-99b60f7 elementor-widget elementor-widget-text-editor\" data-id=\"99b60f7\" data-element_type=\"widget\" data-e-type=\"widget\" data-widget_type=\"text-editor.default\">\n\t\t\t\t<div class=\"elementor-widget-container\">\n\t\t\t\t\t\t\t\t\t<p>Products in this online store are sold by\u00a0 B. Living | Sisustustoimisto Bellava, VAT number 2163616-3. We sell products to persons over the age of 18, companies and organisations.\u00a0We reserve the right to make changes to the prices and postage.<\/p><p>All customer information is treated confidentially. When ordering from the online store, you are required to read and commit to the delivery terms valid at the time.<\/p>\t\t\t\t\t\t\t\t<\/div>\n\t\t\t\t<\/div>\n\t\t\t\t\t<\/div>\n\t\t<\/div>\n\t\t\t\t<div class=\"elementor-column elementor-col-33 elementor-top-column elementor-element elementor-element-69ec43e\" data-id=\"69ec43e\" data-element_type=\"column\" data-e-type=\"column\">\n\t\t\t<div class=\"elementor-widget-wrap\">\n\t\t\t\t\t\t\t<\/div>\n\t\t<\/div>\n\t\t\t\t\t<\/div>\n\t\t<\/section>\n\t\t\t\t<\/div>\n\t\t","protected":false},"excerpt":{"rendered":"<p>Terms of delivery You will order products in the online store by transferring them to the shopping cart and paying for the contents of the cart through the online payment service. We also serve our customers by email at info@b-living.fi. We ask corporate customers to place their orders by email at info@b-living.fi. For enquiries, you [&hellip;]<\/p>\n","protected":false},"author":1,"featured_media":0,"parent":0,"menu_order":0,"comment_status":"closed","ping_status":"closed","template":"","meta":{"site-sidebar-layout":"no-sidebar","site-content-layout":"page-builder","ast-site-content-layout":"default","site-content-style":"default","site-sidebar-style":"default","ast-global-header-display":"","ast-banner-title-visibility":"","ast-main-header-display":"","ast-hfb-above-header-display":"","ast-hfb-below-header-display":"","ast-hfb-mobile-header-display":"","site-post-title":"disabled","ast-breadcrumbs-content":"","ast-featured-img":"disabled","footer-sml-layout":"","ast-disable-related-posts":"","theme-transparent-header-meta":"default","adv-header-id-meta":"","stick-header-meta":"","header-above-stick-meta":"","header-main-stick-meta":"","header-below-stick-meta":"","astra-migrate-meta-layouts":"default","ast-page-background-enabled":"default","ast-page-background-meta":{"desktop":{"background-color":"","background-image":"","background-repeat":"repeat","background-position":"center center","background-size":"auto","background-attachment":"scroll","background-type":"","background-media":"","overlay-type":"","overlay-color":"","overlay-opacity":"","overlay-gradient":""},"tablet":{"background-color":"","background-image":"","background-repeat":"repeat","background-position":"center center","background-size":"auto","background-attachment":"scroll","background-type":"","background-media":"","overlay-type":"","overlay-color":"","overlay-opacity":"","overlay-gradient":""},"mobile":{"background-color":"","background-image":"","background-repeat":"repeat","background-position":"center center","background-size":"auto","background-attachment":"scroll","background-type":"","background-media":"","overlay-type":"","overlay-color":"","overlay-opacity":"","overlay-gradient":""}},"ast-content-background-meta":{"desktop":{"background-color":"var(--ast-global-color-5)","background-image":"","background-repeat":"repeat","background-position":"center center","background-size":"auto","background-attachment":"scroll","background-type":"","background-media":"","overlay-type":"","overlay-color":"","overlay-opacity":"","overlay-gradient":""},"tablet":{"background-color":"var(--ast-global-color-5)","background-image":"","background-repeat":"repeat","background-position":"center center","background-size":"auto","background-attachment":"scroll","background-type":"","background-media":"","overlay-type":"","overlay-color":"","overlay-opacity":"","overlay-gradient":""},"mobile":{"background-color":"var(--ast-global-color-5)","background-image":"","background-repeat":"repeat","background-position":"center center","background-size":"auto","background-attachment":"scroll","background-type":"","background-media":"","overlay-type":"","overlay-color":"","overlay-opacity":"","overlay-gradient":""}},"footnotes":""},"class_list":["post-11858","page","type-page","status-publish","hentry"],"_links":{"self":[{"href":"https:\/\/b-living.fi\/en\/wp-json\/wp\/v2\/pages\/11858","targetHints":{"allow":["GET"]}}],"collection":[{"href":"https:\/\/b-living.fi\/en\/wp-json\/wp\/v2\/pages"}],"about":[{"href":"https:\/\/b-living.fi\/en\/wp-json\/wp\/v2\/types\/page"}],"author":[{"embeddable":true,"href":"https:\/\/b-living.fi\/en\/wp-json\/wp\/v2\/users\/1"}],"replies":[{"embeddable":true,"href":"https:\/\/b-living.fi\/en\/wp-json\/wp\/v2\/comments?post=11858"}],"version-history":[{"count":0,"href":"https:\/\/b-living.fi\/en\/wp-json\/wp\/v2\/pages\/11858\/revisions"}],"wp:attachment":[{"href":"https:\/\/b-living.fi\/en\/wp-json\/wp\/v2\/media?parent=11858"}],"curies":[{"name":"wp","href":"https:\/\/api.w.org\/{rel}","templated":true}]}}